{"id":30,"date":"2012-07-03T17:28:18","date_gmt":"2012-07-03T15:28:18","guid":{"rendered":"http:\/\/www.zahnarztpraxis-mey-lawrenz.de\/?page_id=30"},"modified":"2017-03-09T13:46:09","modified_gmt":"2017-03-09T11:46:09","slug":"unsere-leistungen","status":"publish","type":"page","link":"https:\/\/www.zahnarztpraxis-mey-lawrenz.de\/?page_id=30","title":{"rendered":"Leistungen"},"content":{"rendered":"<h3><strong>Unsere Praxis bietet Ihnen im Besonderen<\/strong><\/h3>\n<hr align=\"left\" noshade=\"noshade\" size=\"1\" \/>\n<p><strong>\u00a0<\/strong><\/p>\n<p><strong>Berufsgruppe<\/strong><\/p>\n<p style=\"padding-left: 30px;\">Zahnarzt\/-\u00e4rztin<\/p>\n<p>&nbsp;<\/p>\n<p><strong>Pr\u00e4ventivzahnmedizin<\/strong><\/p>\n<p style=\"padding-left: 30px;\">Gingivitis<\/p>\n<p style=\"padding-left: 30px;\">Individualprophylaxe<\/p>\n<p style=\"padding-left: 30px;\">Individualprophylaxe f\u00fcr Kinder<\/p>\n<p style=\"padding-left: 30px;\">professionelle Zahnreinigung (PZR)<\/p>\n<p style=\"padding-left: 30px;\">Prophylaxe<\/p>\n<p>&nbsp;<\/p>\n<p><strong>Prothetik<\/strong><\/p>\n<p style=\"padding-left: 30px;\">festsitzende Kronen und Br\u00fccken<\/p>\n<p style=\"padding-left: 30px;\">Implantatprothetik<\/p>\n<p style=\"padding-left: 30px;\">kombinierter Zahnersatz<\/p>\n<p style=\"padding-left: 30px;\">Teilkronen und Inlays<\/p>\n<p style=\"padding-left: 30px;\">Teilprothetik<\/p>\n<p style=\"padding-left: 30px;\">Totalprothetik<\/p>\n<p>&nbsp;<\/p>\n<p><strong>Zahnerhaltung<\/strong><\/p>\n<p style=\"padding-left: 30px;\">restaurative Zahnheilkunde<\/p>\n<p>&nbsp;<\/p>\n<p><strong>Funktionstherapie<\/strong><\/p>\n<p style=\"padding-left: 30px;\">Kaufunktionsst\u00f6rungen<\/p>\n<p style=\"padding-left: 30px;\">Kiefergelenkbehandlung<\/p>\n<p>&nbsp;<\/p>\n<p><strong>An\u00e4sthesie<\/strong><\/p>\n<p style=\"padding-left: 30px;\">Lokalan\u00e4sthesie<\/p>\n<p>&nbsp;<\/p>\n<p><strong>Weitere Schwerpunkte<\/strong><\/p>\n<p style=\"padding-left: 30px;\">Alterszahnheilkunde<\/p>\n<p style=\"padding-left: 30px;\">Endodontie<\/p>\n<p style=\"padding-left: 30px;\">Parodontologie<\/p>\n<p style=\"padding-left: 30px;\">Schienenbehandlung<\/p>\n<p>&nbsp;<\/p>\n<p><strong>Praxisausstattung<\/strong><\/p>\n<p style=\"padding-left: 30px;\">Airflow-Ger\u00e4te<\/p>\n<p style=\"padding-left: 30px;\">behindertengerechte Einrichtung<\/p>\n<p style=\"padding-left: 30px;\">intraorale Kamera<\/p>\n<p>&nbsp;<\/p>\n<p><strong>Sonderleistungen<\/strong><\/p>\n<p style=\"padding-left: 30px;\">Recall<\/p>\n<p style=\"padding-left: 30px;\">Wochenendsprechstunde<\/p>\n<p style=\"padding-left: 30px;\">Zahnschmuck<\/p>\n<p>&nbsp;<\/p>\n<p><strong>Interdisziplin\u00e4re Zusammenarbeit mit<\/strong><\/p>\n<p style=\"padding-left: 30px;\">Kieferorthop\u00e4den<\/p>\n<p style=\"padding-left: 30px;\">Mund-Kiefer-Gesichtschirurgen<\/p>\n<p style=\"padding-left: 30px;\">Oralchirurgen<\/p>\n<p style=\"padding-left: 30px;\">Physiotherapeuten<\/p>\n<p>&nbsp;<\/p>\n<p><strong>Sprachen<\/strong><\/p>\n<p style=\"padding-left: 30px;\">Englisch<\/p>\n<p style=\"padding-left: 30px;\">Russisch<\/p>\n","protected":false},"excerpt":{"rendered":"<p>Unsere Praxis bietet Ihnen im Besonderen \u00a0 Berufsgruppe Zahnarzt\/-\u00e4rztin &nbsp; Pr\u00e4ventivzahnmedizin Gingivitis Individualprophylaxe Individualprophylaxe f\u00fcr Kinder professionelle Zahnreinigung (PZR) Prophylaxe &nbsp; Prothetik festsitzende Kronen und Br\u00fccken Implantatprothetik kombinierter Zahnersatz Teilkronen und Inlays Teilprothetik Totalprothetik&#46;&#46;&#46;<\/p>\n","protected":false},"author":1,"featured_media":0,"parent":0,"menu_order":2,"comment_status":"closed","ping_status":"closed","template":"","meta":{"footnotes":""},"class_list":["post-30","page","type-page","status-publish","hentry"],"_links":{"self":[{"href":"https:\/\/www.zahnarztpraxis-mey-lawrenz.de\/index.php?rest_route=\/wp\/v2\/pages\/30","targetHints":{"allow":["GET"]}}],"collection":[{"href":"https:\/\/www.zahnarztpraxis-mey-lawrenz.de\/index.php?rest_route=\/wp\/v2\/pages"}],"about":[{"href":"https:\/\/www.zahnarztpraxis-mey-lawrenz.de\/index.php?rest_route=\/wp\/v2\/types\/page"}],"author":[{"embeddable":true,"href":"https:\/\/www.zahnarztpraxis-mey-lawrenz.de\/index.php?rest_route=\/wp\/v2\/users\/1"}],"replies":[{"embeddable":true,"href":"https:\/\/www.zahnarztpraxis-mey-lawrenz.de\/index.php?rest_route=%2Fwp%2Fv2%2Fcomments&post=30"}],"version-history":[{"count":37,"href":"https:\/\/www.zahnarztpraxis-mey-lawrenz.de\/index.php?rest_route=\/wp\/v2\/pages\/30\/revisions"}],"predecessor-version":[{"id":364,"href":"https:\/\/www.zahnarztpraxis-mey-lawrenz.de\/index.php?rest_route=\/wp\/v2\/pages\/30\/revisions\/364"}],"wp:attachment":[{"href":"https:\/\/www.zahnarztpraxis-mey-lawrenz.de\/index.php?rest_route=%2Fwp%2Fv2%2Fmedia&parent=30"}],"curies":[{"name":"wp","href":"https:\/\/api.w.org\/{rel}","templated":true}]}}