{"id":371,"date":"2018-05-24T12:12:26","date_gmt":"2018-05-24T10:12:26","guid":{"rendered":"http:\/\/www.zahnarztpraxis-mey-lawrenz.de\/?page_id=371"},"modified":"2018-05-28T12:22:04","modified_gmt":"2018-05-28T10:22:04","slug":"datenschutzerklaerung","status":"publish","type":"page","link":"https:\/\/www.zahnarztpraxis-mey-lawrenz.de\/?page_id=371","title":{"rendered":"Datenschutzerkl\u00e4rung"},"content":{"rendered":"<h3>Wir freuen uns \u00fcber Ihr Interesse an unserer Internetseite!<\/h3>\n<p>Die Adresse unserer Website ist: http:\/\/www.zahnarztpraxis-mey-lawrenz.de.<\/p>\n<p><strong>Datenschutzerkl\u00e4rung<\/strong><br \/>\nNachfolgend erhalten Sie Informationen \u00fcber die Erhebung personenbezogener Daten bei Nutzung unserer Internetseite. Zu den personenbezogene Daten geh\u00f6ren alle Daten, die auf Sie pers\u00f6nlich beziehbar sind (z. B. Name, Adresse, E-Mail-Adressen, Nutzerverhalten, IP-Adresse).<\/p>\n<p><strong>Welche personenbezogenen Daten erheben wir?<\/strong><\/p>\n<p>Wir erheben, speichern, nutzen, \u00fcbermitteln oder l\u00f6schen folgende personenbezogene Daten von<\/p>\n<p>\u2022\tInteressenten unserer Internetseite und Patienten unserer Praxis, die nat\u00fcrliche Personen sind,<br \/>\n\u2022\tallen anderen nat\u00fcrlichen Personen, die in Kontakt mit unserer Praxis stehen (z. B. Be-vollm\u00e4chtigte von Patienten, Erziehungsberechtigte von Patienten, Mitarbeiter juristischer Personen, Besucher unserer Internetseite).<\/p>\n<p>Personenbezogenen Daten von Ihnen werden von uns erhoben, wenn Sie mit uns z. B. per E-Mail oder Telefon in Kontakt treten und einen Behandlungstermin ausmachen wollen.<\/p>\n<p>Folgende pers\u00f6nliche Daten verarbeiten wir:<\/p>\n<p>\u2022\tPers\u00f6nliche Angaben (z. B. Vor- und Nachnamen, Adresse, Geburtsdatum und -ort, E-Mail-Adresse, Telefonnummer, Versicherungsstatus);<br \/>\n\u2022\tDaten zu Ihrem Online-Verhalten und -pr\u00e4ferenzen (z. B. IP-Adressen, eindeutige Zuordnungsmerkmale mobiler Endger\u00e4te, Daten zu Ihren Besuchen auf unserer In-ternetseite, Endger\u00e4te, mit denen Sie unsere Internetseite besucht haben)<\/p>\n<p>Angaben zu Kindern erheben wir nur dann, wenn diese durch die Erziehungsberechtigten in unserer Praxis als Patient vorgestellt werden.<\/p>\n<p><strong>Wer erh\u00e4lt ggf. Ihre personenbezogenen Daten \u00fcbermittelt?<\/strong><\/p>\n<p>Falls einzelne Funktionen unserer Internetseite auf beauftragte Dienstleister zur\u00fcckgreifen, informieren wir Sie in Ziffer 5 dieser Datenschutzerkl\u00e4rung im Detail \u00fcber die jeweiligen Vor-g\u00e4nge. Dabei nennen wir auch die festgelegten Kriterien der Speicherdauer.<\/p>\n<p><strong>Welchem Zweck dienen Ihre Daten und mit welcher Rechtfertigung d\u00fcrfen wir diese nutzen?<\/strong><\/p>\n<p>Wenn Sie unsere Internetseite ausschlie\u00dflich dazu nutzen, sich \u00fcber unsere Praxis zu informieren, erheben wir nur die personenbezogenen Daten, die Ihr Browser an unseren Server \u00fcbermittelt. Wenn Sie unsere Website betrachten m\u00f6chten, erheben wir die folgenden Daten, die f\u00fcr uns technisch erforderlich sind, um Ihnen unsere Website anzuzeigen und die Stabilit\u00e4t und Sicherheit zu gew\u00e4hrleisten (Rechtsgrundlage ist Art. 6 Abs. 1 S. 1 lit. f DSGVO):<br \/>\n\u2022\tIP-Adresse<br \/>\n\u2022\tDatum und Uhrzeit der Anfrage<br \/>\n\u2022\tZeitzonendifferenz zur Greenwich Mean Time (GMT)<br \/>\n\u2022\tInhalt der Anforderung (konkrete Seite)<br \/>\n\u2022\tZugriffsstatus\/HTTP-Statuscode<br \/>\n\u2022\tjeweils \u00fcbertragene Datenmenge<br \/>\n\u2022\tWebsite, von der die Anforderung kommt<br \/>\n\u2022\tBrowser<br \/>\n\u2022\tBetriebssystem und dessen Oberfl\u00e4che<br \/>\n\u2022\tSprache und Version der Browsersoftware.<br \/>\nZus\u00e4tzlich zu diesen Daten werden bei Nutzung unserer Internetseite durch Sie auch Cookies auf Ihrem Rechner gespeichert. Bei Cookies handelt es sich um kleine Textdateien, die auf Ihrer Festplatte dem von Ihnen verwendeten Browser zugeordnet gespeichert werden und durch welche der Stelle, die den Cookie setzt (hier durch uns), bestimmte Informationen zu-flie\u00dfen. Cookies k\u00f6nnen keine Programme ausf\u00fchren oder Viren auf Ihren Computer \u00fcber-tragen. Sie dienen dazu, das Internetangebot insgesamt nutzerfreundlicher und effektiver zu machen.<br \/>\nEinsatz von Cookies:<br \/>\na)\tDiese Website nutzt folgende Arten von Cookies, deren Umfang und Funktionsweise im Folgenden erl\u00e4utert werden:<\/p>\n<p>\u2022\tTransiente Cookies (dazu b)<br \/>\n\u2022\tPersistente Cookies (dazu c).<\/p>\n<p>b)\tTransiente Cookies werden automatisiert gel\u00f6scht, wenn Sie den Browser schlie\u00dfen. Dazu z\u00e4hlen insbesondere die Session-Cookies. Diese speichern eine sogenannte Session-ID, mit welcher sich verschiedene Anfragen Ihres Browsers der gemeinsamen Sitzung zuordnen lassen. Dadurch kann Ihr Rechner wiedererkannt werden, wenn Sie auf unsere Website zur\u00fcckkehren. Die Session-Cookies werden gel\u00f6scht, wenn Sie sich ausloggen oder den Browser schlie\u00dfen.<\/p>\n<p>c)\tPersistente Cookies werden automatisiert nach einer vorgegebenen Dauer gel\u00f6scht, die sich je nach Cookie unterscheiden kann. Sie k\u00f6nnen die Cookies in den Sicher-heitseinstellungen Ihres Browsers jederzeit l\u00f6schen.<\/p>\n<p>d)\tSie k\u00f6nnen Ihre Browser-Einstellung entsprechend Ihren W\u00fcnschen konfigurieren und z.\u2009B. die Annahme von Third-Party-Cookies oder allen Cookies ablehnen. Wir weisen Sie darauf hin, dass Sie eventuell nicht alle Funktionen dieser Website nutzen k\u00f6nnen.<br \/>\nWollen Sie per E-Mail oder \u00fcber unser Kontaktformular einen Behandlungstermin vereinbaren oder eine Frage an uns richten, werden die von Ihnen mitgeteilten Daten (Ihre E-Mail-Adresse, ggf. Ihr Name und Ihre Telefonnummer) von uns gespeichert, um Ihnen einen Behandlungstermin zuweisen oder die Anfrage beantworten zu k\u00f6nnen. Die in diesem Zusammenhang anfallenden Daten l\u00f6schen wir, nachdem die Speicherung nicht mehr erforderlich ist, oder schr\u00e4nken die Verarbeitung ein, falls gesetzliche Aufbewahrungspflichten bestehen (Rechtsgrundlage ist Art. 6 Abs. 1 S. 1 lit. b DSGVO).<\/p>\n<p><strong>Welche Rechte haben Sie im Zusammenhang mit dem Datenschutz?<\/strong><\/p>\n<p>Sie haben gegen\u00fcber uns folgende Rechte hinsichtlich der Sie betreffenden personenbezo-genen Daten:<\/p>\n<p>\u2022\tRecht auf Auskunft,<br \/>\n\u2022\tRecht auf Berichtigung oder L\u00f6schung,<br \/>\n\u2022\tRecht auf Einschr\u00e4nkung der Verarbeitung,<br \/>\n\u2022\tRecht auf Widerspruch gegen die Verarbeitung,<br \/>\n\u2022\tRecht auf Daten\u00fcbertragbarkeit.<\/p>\n<p><strong>Wie k\u00f6nnen Sie sich ggf. beschweren?<\/strong><\/p>\n<p>Sie haben die M\u00f6glichkeit, sich mit einer Beschwerde im Zusammenhang mit der Datenver-arbeitung an die f\u00fcr uns zust\u00e4ndige Datenschutzaufsicht zu wenden:<br \/>\nPostanschrift<br \/>\nDer Landesbeauftragte f\u00fcr Datenschutz und Informationsfreiheit Mecklenburg-Vorpommern<br \/>\nSchloss Schwerin<br \/>\nLenn\u00e9stra\u00dfe 1<br \/>\n19053 Schwerin <\/p>\n<p>Dienststelle<br \/>\nDer Landesbeauftragte f\u00fcr Datenschutz und Informationsfreiheit Mecklenburg-Vorpommern<br \/>\nWerderstra\u00dfe 74 a<br \/>\n19055 Schwerin<br \/>\nTelefon: 0385 59494 0<br \/>\nTelefax: 0385 59494 58<br \/>\nE-Mail: info@datenschutz-mv.de<br \/>\nWebseite: www.datenschutz-mv.de<\/p>\n","protected":false},"excerpt":{"rendered":"<p>Wir freuen uns \u00fcber Ihr Interesse an unserer Internetseite! Die Adresse unserer Website ist: http:\/\/www.zahnarztpraxis-mey-lawrenz.de. Datenschutzerkl\u00e4rung Nachfolgend erhalten Sie Informationen \u00fcber die Erhebung personenbezogener Daten bei Nutzung unserer Internetseite. Zu den personenbezogene Daten geh\u00f6ren&#46;&#46;&#46;<\/p>\n","protected":false},"author":1,"featured_media":0,"parent":0,"menu_order":6,"comment_status":"closed","ping_status":"closed","template":"","meta":{"footnotes":""},"class_list":["post-371","page","type-page","status-publish","hentry"],"_links":{"self":[{"href":"https:\/\/www.zahnarztpraxis-mey-lawrenz.de\/index.php?rest_route=\/wp\/v2\/pages\/371","targetHints":{"allow":["GET"]}}],"collection":[{"href":"https:\/\/www.zahnarztpraxis-mey-lawrenz.de\/index.php?rest_route=\/wp\/v2\/pages"}],"about":[{"href":"https:\/\/www.zahnarztpraxis-mey-lawrenz.de\/index.php?rest_route=\/wp\/v2\/types\/page"}],"author":[{"embeddable":true,"href":"https:\/\/www.zahnarztpraxis-mey-lawrenz.de\/index.php?rest_route=\/wp\/v2\/users\/1"}],"replies":[{"embeddable":true,"href":"https:\/\/www.zahnarztpraxis-mey-lawrenz.de\/index.php?rest_route=%2Fwp%2Fv2%2Fcomments&post=371"}],"version-history":[{"count":8,"href":"https:\/\/www.zahnarztpraxis-mey-lawrenz.de\/index.php?rest_route=\/wp\/v2\/pages\/371\/revisions"}],"predecessor-version":[{"id":399,"href":"https:\/\/www.zahnarztpraxis-mey-lawrenz.de\/index.php?rest_route=\/wp\/v2\/pages\/371\/revisions\/399"}],"wp:attachment":[{"href":"https:\/\/www.zahnarztpraxis-mey-lawrenz.de\/index.php?rest_route=%2Fwp%2Fv2%2Fmedia&parent=371"}],"curies":[{"name":"wp","href":"https:\/\/api.w.org\/{rel}","templated":true}]}}