{"id":40,"date":"2012-07-03T17:30:31","date_gmt":"2012-07-03T15:30:31","guid":{"rendered":"http:\/\/www.zahnarztpraxis-mey-lawrenz.de\/?page_id=40"},"modified":"2022-11-24T12:38:40","modified_gmt":"2022-11-24T10:38:40","slug":"kontakt","status":"publish","type":"page","link":"https:\/\/www.zahnarztpraxis-mey-lawrenz.de\/?page_id=40","title":{"rendered":"Kontakt"},"content":{"rendered":"<h3><strong>Kontakt<\/strong><\/h3>\n<hr align=\"left\" noshade=\"noshade\" size=\"1\" \/>\n<p>Wir freuen uns \u00fcber Ihre Anfragen und Ihr Interesse an unseren Angeboten!<\/p>\n<p>Zahnarztpraxis G\u00fcstrow<br \/>\nDr. med. dent. Thomas Lawrenz<br \/>\nGunnar Mey<\/p>\n<p>Haselstra\u00dfe 2<br \/>\n18273 G\u00fcstrow<br \/>\nE-Mail: zahnwehmaennchen(at)yahoo.de<br \/>\nTelefon: 03843 215658<br \/>\nTelefax: 03843 215659<\/p>\n","protected":false},"excerpt":{"rendered":"<p>Kontakt Wir freuen uns \u00fcber Ihre Anfragen und Ihr Interesse an unseren Angeboten! Zahnarztpraxis G\u00fcstrow Dr. med. dent. Thomas Lawrenz Gunnar Mey Haselstra\u00dfe 2 18273 G\u00fcstrow E-Mail: zahnwehmaennchen(at)yahoo.de Telefon: 03843 215658 Telefax: 03843 215659<\/p>\n","protected":false},"author":1,"featured_media":0,"parent":0,"menu_order":5,"comment_status":"closed","ping_status":"closed","template":"","meta":{"footnotes":""},"class_list":["post-40","page","type-page","status-publish","hentry"],"_links":{"self":[{"href":"https:\/\/www.zahnarztpraxis-mey-lawrenz.de\/index.php?rest_route=\/wp\/v2\/pages\/40","targetHints":{"allow":["GET"]}}],"collection":[{"href":"https:\/\/www.zahnarztpraxis-mey-lawrenz.de\/index.php?rest_route=\/wp\/v2\/pages"}],"about":[{"href":"https:\/\/www.zahnarztpraxis-mey-lawrenz.de\/index.php?rest_route=\/wp\/v2\/types\/page"}],"author":[{"embeddable":true,"href":"https:\/\/www.zahnarztpraxis-mey-lawrenz.de\/index.php?rest_route=\/wp\/v2\/users\/1"}],"replies":[{"embeddable":true,"href":"https:\/\/www.zahnarztpraxis-mey-lawrenz.de\/index.php?rest_route=%2Fwp%2Fv2%2Fcomments&post=40"}],"version-history":[{"count":21,"href":"https:\/\/www.zahnarztpraxis-mey-lawrenz.de\/index.php?rest_route=\/wp\/v2\/pages\/40\/revisions"}],"predecessor-version":[{"id":553,"href":"https:\/\/www.zahnarztpraxis-mey-lawrenz.de\/index.php?rest_route=\/wp\/v2\/pages\/40\/revisions\/553"}],"wp:attachment":[{"href":"https:\/\/www.zahnarztpraxis-mey-lawrenz.de\/index.php?rest_route=%2Fwp%2Fv2%2Fmedia&parent=40"}],"curies":[{"name":"wp","href":"https:\/\/api.w.org\/{rel}","templated":true}]}}